{"id":835,"date":"2025-07-27T20:41:33","date_gmt":"2025-07-27T23:41:33","guid":{"rendered":"https:\/\/www.globaltech.com.br\/site\/?page_id=835"},"modified":"2025-10-14T16:28:56","modified_gmt":"2025-10-14T19:28:56","slug":"site-medico-site-para-medicos","status":"publish","type":"page","link":"https:\/\/www.globaltech.com.br\/site\/site-medico-site-para-medicos\/","title":{"rendered":"Site M\u00e9dico"},"content":{"rendered":"<p>&nbsp;<\/p>\n<div style=\"display: none;\">\n<p>cria\u00e7\u00e3o e desenvolvimento de sites m\u00e9dico,site m\u00e9dico, web, Passo Fundo RS, cria\u00e7\u00e3o de site m\u00e9dico<\/p>\n<h1>cria\u00e7\u00e3o de sites m\u00e9dico,\u00a0cria\u00e7\u00e3o de site consultoria m\u00e9dico, cria\u00e7\u00e3o e desenvolvimento de sites m\u00e9dico,<\/h1>\n<h2>web em m\u00e9dico, empresa m\u00e9dico e regi\u00e3o, cria\u00e7\u00e3o e desenvolvimento de sites m\u00e9dico em m\u00e9dico, web desenvolvimento site m\u00e9dico, empresa em m\u00e9dico rs, web, para m\u00e9dico e regi\u00e3o, web para m\u00e9dico e regi\u00e3o\u00a0cria\u00e7\u00e3o de site em m\u00e9dico, empresa m\u00e9dico e regi\u00e3o, cria\u00e7\u00e3o e desenvolvimento de sites m\u00e9dico em m\u00e9dico, web desenvolvimento site m\u00e9dico, empresa em m\u00e9dico rs, web,<a title=\"cria\u00e7\u00e3o de site em m\u00e9dico, empresa m\u00e9dico e regi\u00e3o, cria\u00e7\u00e3o e desenvolvimento de sites m\u00e9dico em m\u00e9dico, web desenvolvimento site m\u00e9dico, empresa em m\u00e9dico rs, web, para m\u00e9dico e regi\u00e3o, web para m\u00e9dico e regi\u00e3o\" href=\"https:\/\/www.globaltech.com.br\">para m\u00e9dico e regi\u00e3o, web para m\u00e9dico e regi\u00e3o\u00a0cria\u00e7\u00e3o de site em m\u00e9dico, empresa m\u00e9dico e regi\u00e3o, cria\u00e7\u00e3o e desenvolvimento de sites m\u00e9dico em m\u00e9dico, web desenvolvimento site m\u00e9dico, empresa em m\u00e9dico rs, web<\/a>, para m\u00e9dico e regi\u00e3o, web para m\u00e9dico e regi\u00e3o\u00a0tcria\u00e7\u00e3o de site em m\u00e9dico, empresa m\u00e9dico e regi\u00e3o, cria\u00e7\u00e3o e desenvolvimento de sites m\u00e9dico em m\u00e9dico, web desenvolvimento site m\u00e9dico, empresa em m\u00e9dico rs, web, para m\u00e9dico e regi\u00e3o, web para m\u00e9dico e regi\u00e3o\u00a0cria\u00e7\u00e3o de site em m\u00e9dico, empresa m\u00e9dico e regi\u00e3o, cria\u00e7\u00e3o e desenvolvimento de sites m\u00e9dico em m\u00e9dico, web desenvolvimento site m\u00e9dico, empresa em m\u00e9dico rs, web, para m\u00e9dico e regi\u00e3o,<a title=\"cria\u00e7\u00e3o de site em m\u00e9dico, empresa m\u00e9dico e regi\u00e3o, cria\u00e7\u00e3o e desenvolvimento de sites m\u00e9dico em m\u00e9dico, web desenvolvimento site m\u00e9dico, empresa em m\u00e9dico rs, web, para m\u00e9dico e regi\u00e3o, web para m\u00e9dico e regi\u00e3o\" href=\"https:\/\/www.globaltech.com.br\/site\">web para m\u00e9dico e regi\u00e3o\u00a0cria\u00e7\u00e3o de site em m\u00e9dico, empresa m\u00e9dico e regi\u00e3o, cria\u00e7\u00e3o de sit<\/a>es em m\u00e9dico, web desenvolvimento site m\u00e9dico, empresa em m\u00e9dico rs, web, para m\u00e9dico e regi\u00e3o, web para m\u00e9dico e regi\u00e3o<\/h2>\n<div id=\"attachment_747\" style=\"width: 353px\" class=\"wp-caption aligncenter\"><a href=\"https:\/\/www.globaltech.com.br\/site\/wp-content\/uploads\/2010\/06\/criacao-de-site-medico.jpg\"><img decoding=\"async\" aria-describedby=\"caption-attachment-747\" class=\"size-full wp-image-747 \" title=\"cria\u00e7\u00e3o de site m\u00e9dico\" src=\"https:\/\/www.globaltech.com.br\/site\/wp-content\/uploads\/2010\/06\/criacao-de-site-medico.jpg\" alt=\"cria\u00e7\u00e3o de site m\u00e9dico\" width=\"343\" height=\"300\"  loading=\"lazy\" \/><\/a><p id=\"caption-attachment-747\" class=\"wp-caption-text\">cria\u00e7\u00e3o de site m\u00e9dico<\/p><\/div>\n<\/div>\n","protected":false},"excerpt":{"rendered":"<p>&nbsp; cria\u00e7\u00e3o e desenvolvimento de sites m\u00e9dico,site m\u00e9dico, web, Passo Fundo RS, cria\u00e7\u00e3o de site [&hellip;]<\/p>\n","protected":false},"author":1,"featured_media":0,"parent":0,"menu_order":0,"comment_status":"closed","ping_status":"closed","template":"template-site-medico.php","meta":{"footnotes":""},"class_list":["post-835","page","type-page","status-publish","hentry"],"_links":{"self":[{"href":"https:\/\/www.globaltech.com.br\/site\/wp-json\/wp\/v2\/pages\/835"}],"collection":[{"href":"https:\/\/www.globaltech.com.br\/site\/wp-json\/wp\/v2\/pages"}],"about":[{"href":"https:\/\/www.globaltech.com.br\/site\/wp-json\/wp\/v2\/types\/page"}],"author":[{"embeddable":true,"href":"https:\/\/www.globaltech.com.br\/site\/wp-json\/wp\/v2\/users\/1"}],"replies":[{"embeddable":true,"href":"https:\/\/www.globaltech.com.br\/site\/wp-json\/wp\/v2\/comments?post=835"}],"version-history":[{"count":3,"href":"https:\/\/www.globaltech.com.br\/site\/wp-json\/wp\/v2\/pages\/835\/revisions"}],"predecessor-version":[{"id":944,"href":"https:\/\/www.globaltech.com.br\/site\/wp-json\/wp\/v2\/pages\/835\/revisions\/944"}],"wp:attachment":[{"href":"https:\/\/www.globaltech.com.br\/site\/wp-json\/wp\/v2\/media?parent=835"}],"curies":[{"name":"wp","href":"https:\/\/api.w.org\/{rel}","templated":true}]}}