{"id":900,"date":"2025-10-01T21:20:29","date_gmt":"2025-10-02T00:20:29","guid":{"rendered":"https:\/\/www.globaltech.com.br\/site\/?page_id=900"},"modified":"2025-10-18T19:44:00","modified_gmt":"2025-10-18T22:44:00","slug":"fale-conosco","status":"publish","type":"page","link":"https:\/\/www.globaltech.com.br\/site\/fale-conosco\/","title":{"rendered":"Fale Conosco"},"content":{"rendered":"<p>&nbsp;<\/p>\n<div style=\"display: none;\">\n<p>marketing digital passo fundo,site passo fundo, web, Passo Fundo RS, cria\u00e7\u00e3o de site passo fundo<\/p>\n<h1>cria\u00e7\u00e3o de sites passo fundo,\u00a0cria\u00e7\u00e3o de site consultoria passo fundo<\/h1>\n<h2>web em passo fundo, empresa passo fundo e regi\u00e3o, marketing digital passo fundo em passo fundo, web desenvolvimento site passo fundo, empresa em passo fundo rs, web, para passo fundo e regi\u00e3o, web para passo fundo e regi\u00e3o\u00a0cria\u00e7\u00e3o de site em passo fundo, empresa passo fundo e regi\u00e3o, marketing digital passo fundo em passo fundo, web desenvolvimento site passo fundo, empresa em passo fundo rs, web,<a title=\"cria\u00e7\u00e3o de site em passo fundo, empresa passo fundo e regi\u00e3o, marketing digital passo fundo em passo fundo, web desenvolvimento site passo fundo, empresa em passo fundo rs, web, para passo fundo e regi\u00e3o, web para passo fundo e regi\u00e3o\" href=\"https:\/\/www.globaltech.com.br\">para passo fundo e regi\u00e3o, web para passo fundo e regi\u00e3o\u00a0cria\u00e7\u00e3o de site em passo fundo, empresa passo fundo e regi\u00e3o, marketing digital passo fundo em passo fundo, web desenvolvimento site passo fundo, empresa em passo fundo rs, web<\/a>, para passo fundo e regi\u00e3o, web para passo fundo e regi\u00e3o\u00a0tcria\u00e7\u00e3o de site em passo fundo, empresa passo fundo e regi\u00e3o, marketing digital passo fundo em passo fundo, web desenvolvimento site passo fundo, empresa em passo fundo rs, web, para passo fundo e regi\u00e3o, web para passo fundo e regi\u00e3o\u00a0cria\u00e7\u00e3o de site em passo fundo, empresa passo fundo e regi\u00e3o, passo fundo em passo fundo, web desenvolvimento site passo fundo, empresa em passo fundo rs, web, para passo fundo e regi\u00e3o,<a title=\"cria\u00e7\u00e3o de site em passo fundo, empresa passo fundo e regi\u00e3o, em passo fundo, web desenvolvimento site passo fundo, empresa em passo fundo rs, web, para passo fundo e regi\u00e3o, web para passo fundo e regi\u00e3o\" href=\"https:\/\/www.globaltech.com.br\/site\">web para passo fundo e regi\u00e3o\u00a0cria\u00e7\u00e3o de site em passo fundo, empresa passo fundo e regi\u00e3o, cria\u00e7\u00e3o de sit<\/a>es em passo fundo, web desenvolvimento site passo fundo, empresa em passo fundo rs, web, para passo fundo e regi\u00e3o, web para passo fundo e regi\u00e3o<\/h2>\n<div id=\"attachment_747\" style=\"width: 353px\" class=\"wp-caption aligncenter\"><a href=\"https:\/\/www.globaltech.com.br\/site\/wp-content\/uploads\/2010\/06\/criacao-de-site-passo-fundo.jpg\"><img decoding=\"async\" aria-describedby=\"caption-attachment-747\" class=\"size-full wp-image-747 \" title=\"cria\u00e7\u00e3o de site passo fundo\" src=\"https:\/\/www.globaltech.com.br\/site\/wp-content\/uploads\/2010\/06\/criacao-de-site-passo-fundo.jpg\" alt=\"cria\u00e7\u00e3o de site passo fundo\" width=\"343\" height=\"300\"  loading=\"lazy\" \/><\/a><p id=\"caption-attachment-747\" class=\"wp-caption-text\">cria\u00e7\u00e3o de site passo fundo<\/p><\/div>\n<\/div>\n","protected":false},"excerpt":{"rendered":"<p>&nbsp; marketing digital passo fundo,site passo fundo, web, Passo Fundo RS, cria\u00e7\u00e3o de site passo [&hellip;]<\/p>\n","protected":false},"author":1,"featured_media":0,"parent":0,"menu_order":0,"comment_status":"closed","ping_status":"closed","template":"template-fale-conosco.php","meta":{"footnotes":""},"class_list":["post-900","page","type-page","status-publish","hentry"],"_links":{"self":[{"href":"https:\/\/www.globaltech.com.br\/site\/wp-json\/wp\/v2\/pages\/900"}],"collection":[{"href":"https:\/\/www.globaltech.com.br\/site\/wp-json\/wp\/v2\/pages"}],"about":[{"href":"https:\/\/www.globaltech.com.br\/site\/wp-json\/wp\/v2\/types\/page"}],"author":[{"embeddable":true,"href":"https:\/\/www.globaltech.com.br\/site\/wp-json\/wp\/v2\/users\/1"}],"replies":[{"embeddable":true,"href":"https:\/\/www.globaltech.com.br\/site\/wp-json\/wp\/v2\/comments?post=900"}],"version-history":[{"count":5,"href":"https:\/\/www.globaltech.com.br\/site\/wp-json\/wp\/v2\/pages\/900\/revisions"}],"predecessor-version":[{"id":966,"href":"https:\/\/www.globaltech.com.br\/site\/wp-json\/wp\/v2\/pages\/900\/revisions\/966"}],"wp:attachment":[{"href":"https:\/\/www.globaltech.com.br\/site\/wp-json\/wp\/v2\/media?parent=900"}],"curies":[{"name":"wp","href":"https:\/\/api.w.org\/{rel}","templated":true}]}}